{"id":300,"date":"2022-09-09T16:15:16","date_gmt":"2022-09-09T13:15:16","guid":{"rendered":"https:\/\/knkmakina.com\/?page_id=300"},"modified":"2022-10-03T09:21:33","modified_gmt":"2022-10-03T06:21:33","slug":"kalite-politikamiz","status":"publish","type":"page","link":"https:\/\/www.knkmakina.com\/?page_id=300","title":{"rendered":"Kalite Politikam\u0131z"},"content":{"rendered":"\t\t<div data-elementor-type=\"wp-page\" data-elementor-id=\"300\" class=\"elementor elementor-300\">\n\t\t\t\t\t\t\t\t\t<section class=\"elementor-section elementor-top-section elementor-element elementor-element-b7242b6 elementor-section-boxed elementor-section-height-default elementor-section-height-default\" data-id=\"b7242b6\" data-element_type=\"section\" data-settings=\"{&quot;background_background&quot;:&quot;gradient&quot;}\">\n\t\t\t\t\t\t\t<div class=\"elementor-background-overlay\"><\/div>\n\t\t\t\t\t\t\t<div class=\"elementor-container elementor-column-gap-default\">\n\t\t\t\t\t<div class=\"elementor-column elementor-col-100 elementor-top-column elementor-element elementor-element-b250601\" data-id=\"b250601\" data-element_type=\"column\">\n\t\t\t<div class=\"elementor-widget-wrap elementor-element-populated\">\n\t\t\t\t\t\t\t\t<section class=\"elementor-section elementor-inner-section elementor-element elementor-element-44c6e88 elementor-section-boxed elementor-section-height-default elementor-section-height-default\" data-id=\"44c6e88\" data-element_type=\"section\">\n\t\t\t\t\t\t<div class=\"elementor-container elementor-column-gap-default\">\n\t\t\t\t\t<div class=\"elementor-column elementor-col-50 elementor-inner-column elementor-element elementor-element-e7c7202 animated-slow elementor-invisible\" data-id=\"e7c7202\" data-element_type=\"column\" data-settings=\"{&quot;animation&quot;:&quot;fadeInLeft&quot;}\">\n\t\t\t<div class=\"elementor-widget-wrap elementor-element-populated\">\n\t\t\t\t\t\t\t\t<div class=\"elementor-element elementor-element-73f689a elementor-widget elementor-widget-image\" data-id=\"73f689a\" data-element_type=\"widget\" data-widget_type=\"image.default\">\n\t\t\t\t<div class=\"elementor-widget-container\">\n\t\t\t<style>\/*! elementor - v3.7.8 - 02-10-2022 *\/\n.elementor-widget-image{text-align:center}.elementor-widget-image a{display:inline-block}.elementor-widget-image a img[src$=\".svg\"]{width:48px}.elementor-widget-image img{vertical-align:middle;display:inline-block}<\/style>\t\t\t\t\t\t\t\t\t\t\t\t<img loading=\"lazy\" decoding=\"async\" width=\"960\" height=\"912\" src=\"https:\/\/www.knkmakina.com\/wp-content\/uploads\/2022\/10\/kalite-politikasi-yeni.png\" class=\"attachment-full size-full\" alt=\"\" srcset=\"https:\/\/www.knkmakina.com\/wp-content\/uploads\/2022\/10\/kalite-politikasi-yeni.png 960w, https:\/\/www.knkmakina.com\/wp-content\/uploads\/2022\/10\/kalite-politikasi-yeni-300x285.png 300w, https:\/\/www.knkmakina.com\/wp-content\/uploads\/2022\/10\/kalite-politikasi-yeni-768x730.png 768w, https:\/\/www.knkmakina.com\/wp-content\/uploads\/2022\/10\/kalite-politikasi-yeni-500x475.png 500w, https:\/\/www.knkmakina.com\/wp-content\/uploads\/2022\/10\/kalite-politikasi-yeni-800x760.png 800w\" sizes=\"auto, (max-width: 960px) 100vw, 960px\" \/>\t\t\t\t\t\t\t\t\t\t\t\t\t\t\t<\/div>\n\t\t\t\t<\/div>\n\t\t\t\t\t<\/div>\n\t\t<\/div>\n\t\t\t\t<div class=\"elementor-column elementor-col-50 elementor-inner-column elementor-element elementor-element-241ae0a\" data-id=\"241ae0a\" data-element_type=\"column\">\n\t\t\t<div class=\"elementor-widget-wrap elementor-element-populated\">\n\t\t\t\t\t\t\t\t<div class=\"elementor-element elementor-element-7031c28 elementor-widget elementor-widget-text-editor\" data-id=\"7031c28\" data-element_type=\"widget\" data-widget_type=\"text-editor.default\">\n\t\t\t\t<div class=\"elementor-widget-container\">\n\t\t\t<style>\/*! elementor - v3.7.8 - 02-10-2022 *\/\n.elementor-widget-text-editor.elementor-drop-cap-view-stacked .elementor-drop-cap{background-color:#818a91;color:#fff}.elementor-widget-text-editor.elementor-drop-cap-view-framed .elementor-drop-cap{color:#818a91;border:3px solid;background-color:transparent}.elementor-widget-text-editor:not(.elementor-drop-cap-view-default) .elementor-drop-cap{margin-top:8px}.elementor-widget-text-editor:not(.elementor-drop-cap-view-default) .elementor-drop-cap-letter{width:1em;height:1em}.elementor-widget-text-editor .elementor-drop-cap{float:left;text-align:center;line-height:1;font-size:50px}.elementor-widget-text-editor .elementor-drop-cap-letter{display:inline-block}<\/style>\t\t\t\t<blockquote>\n<h3>Kalite, \u00c7evre ve ISG Politikam\u0131z<\/h3>\n<p><strong>KNK Gemi Ekipmanlar\u0131<\/strong>, denizcilik end\u00fcstrisi i\u00e7in t\u00fcm \u00e7al\u0131\u015fanlar\u0131n\u0131n de\u011fi\u015fim ve geli\u015fime a\u00e7\u0131k y\u00f6ntemlerle teknolojiyi takip eden, ba\u015far\u0131 hedefiyle geli\u015fen; \u00e7evreye duyarl\u0131, m\u00fc\u015fteri memnuniyetinin ve \u00e7al\u0131\u015fan g\u00fcvenli\u011finin sa\u011fland\u0131\u011f\u0131 bir hizmet anlay\u0131\u015f\u0131 ile faaliyetlerini s\u00fcrd\u00fcrmektedir.<\/p><p><br><\/p>\n<p><\/p>\n<blockquote>\n<h4>KAL\u0130TE POL\u0130T\u0130KAMIZ<\/h4>\n<ul>\n<li>Kalite yolculu\u011fu, tek seferlik yap\u0131l\u0131p biten bir i\u015f de\u011fil; \u015eartlar ne olursa olsun her ko\u015fulda kaliteli i\u015f yapma bilinciyle \u00e7al\u0131\u015fmak.<\/li>\n<li>Faaliyetlerimizde \u00f6nleyici yakla\u015f\u0131ma, israftan ka\u00e7\u0131nmaya ve s\u00fcrekli iyile\u015ftirmeye \u00f6ncelikli olarak yer vermek<\/li>\n<li>T\u00fcm \u00e7al\u0131\u015fanlar\u0131m\u0131z\u0131n aktif kat\u0131l\u0131m\u0131 ile bu \u00e7abalar\u0131 yayg\u0131nla\u015ft\u0131rmak.<\/li>\n<li>M\u00fc\u015fterilerimize kaliteli \u00fcr\u00fcnler sunmak i\u00e7in, \u00fcretim s\u0131ras\u0131nda proses ve kalite kontrollerini sa\u011flayan ISO 9001 sertifikas\u0131na sahibiz.<\/li>\n<li>T\u00fcm bu politikalar\u0131n sonucu olarak ko\u015fulsuz m\u00fc\u015fteri memnuniyeti ve sadakatini olu\u015fturmak ve s\u00fcreklili\u011fini sa\u011flamak<\/li>\n<\/ul>\n<\/blockquote>\n<\/blockquote>\t\t\t\t\t\t<\/div>\n\t\t\t\t<\/div>\n\t\t\t\t\t<\/div>\n\t\t<\/div>\n\t\t\t\t\t\t\t<\/div>\n\t\t<\/section>\n\t\t\t\t\t<\/div>\n\t\t<\/div>\n\t\t\t\t\t\t\t<\/div>\n\t\t<\/section>\n\t\t\t\t\t\t\t<\/div>\n\t\t","protected":false},"excerpt":{"rendered":"<p>Kalite, \u00c7evre ve ISG Politikam\u0131z KNK Gemi Ekipmanlar\u0131, denizcilik end\u00fcstrisi i\u00e7in t\u00fcm \u00e7al\u0131\u015fanlar\u0131n\u0131n de\u011fi\u015fim ve geli\u015fime a\u00e7\u0131k y\u00f6ntemlerle teknolojiyi takip eden, ba\u015far\u0131 hedefiyle geli\u015fen; \u00e7evreye duyarl\u0131, m\u00fc\u015fteri memnuniyetinin ve \u00e7al\u0131\u015fan g\u00fcvenli\u011finin sa\u011fland\u0131\u011f\u0131 bir hizmet anlay\u0131\u015f\u0131 ile faaliyetlerini s\u00fcrd\u00fcrmektedir. KAL\u0130TE POL\u0130T\u0130KAMIZ Kalite yolculu\u011fu, tek seferlik yap\u0131l\u0131p biten bir i\u015f de\u011fil; \u015eartlar ne olursa olsun her ko\u015fulda kaliteli i\u015f yapma bilinciyle \u00e7al\u0131\u015fmak. Faaliyetlerimizde \u00f6nleyici yakla\u015f\u0131ma, israftan ka\u00e7\u0131nmaya ve s\u00fcrekli iyile\u015ftirmeye \u00f6ncelikli olarak yer vermek T\u00fcm \u00e7al\u0131\u015fanlar\u0131m\u0131z\u0131n aktif kat\u0131l\u0131m\u0131 ile bu \u00e7abalar\u0131 yayg\u0131nla\u015ft\u0131rmak. M\u00fc\u015fterilerimize kaliteli \u00fcr\u00fcnler sunmak i\u00e7in, \u00fcretim s\u0131ras\u0131nda proses ve kalite kontrollerini sa\u011flayan ISO 9001 sertifikas\u0131na sahibiz. T\u00fcm bu politikalar\u0131n sonucu olarak ko\u015fulsuz m\u00fc\u015fteri memnuniyeti ve sadakatini olu\u015fturmak ve s\u00fcreklili\u011fini sa\u011flamak<\/p>\n","protected":false},"author":1,"featured_media":0,"parent":0,"menu_order":0,"comment_status":"closed","ping_status":"open","template":"templates\/builder-fullwidth-std.php","meta":{"_vp_format_video_url":"","_vp_image_focal_point":[],"footnotes":""},"class_list":["post-300","page","type-page","status-publish"],"_links":{"self":[{"href":"https:\/\/www.knkmakina.com\/index.php?rest_route=\/wp\/v2\/pages\/300","targetHints":{"allow":["GET"]}}],"collection":[{"href":"https:\/\/www.knkmakina.com\/index.php?rest_route=\/wp\/v2\/pages"}],"about":[{"href":"https:\/\/www.knkmakina.com\/index.php?rest_route=\/wp\/v2\/types\/page"}],"author":[{"embeddable":true,"href":"https:\/\/www.knkmakina.com\/index.php?rest_route=\/wp\/v2\/users\/1"}],"replies":[{"embeddable":true,"href":"https:\/\/www.knkmakina.com\/index.php?rest_route=%2Fwp%2Fv2%2Fcomments&post=300"}],"version-history":[{"count":19,"href":"https:\/\/www.knkmakina.com\/index.php?rest_route=\/wp\/v2\/pages\/300\/revisions"}],"predecessor-version":[{"id":892,"href":"https:\/\/www.knkmakina.com\/index.php?rest_route=\/wp\/v2\/pages\/300\/revisions\/892"}],"wp:attachment":[{"href":"https:\/\/www.knkmakina.com\/index.php?rest_route=%2Fwp%2Fv2%2Fmedia&parent=300"}],"curies":[{"name":"wp","href":"https:\/\/api.w.org\/{rel}","templated":true}]}}