{"id":291,"date":"2022-09-09T15:49:19","date_gmt":"2022-09-09T12:49:19","guid":{"rendered":"https:\/\/knkmakina.com\/?page_id=291"},"modified":"2022-09-15T13:59:17","modified_gmt":"2022-09-15T10:59:17","slug":"misyon-vizyon","status":"publish","type":"page","link":"https:\/\/www.knkmakina.com\/?page_id=291","title":{"rendered":"misyon-vizyon"},"content":{"rendered":"\t\t<div data-elementor-type=\"wp-page\" data-elementor-id=\"291\" class=\"elementor elementor-291\">\n\t\t\t\t\t\t\t\t\t<section class=\"elementor-section elementor-top-section elementor-element elementor-element-b7242b6 elementor-section-boxed elementor-section-height-default elementor-section-height-default\" data-id=\"b7242b6\" data-element_type=\"section\" data-settings=\"{&quot;background_background&quot;:&quot;gradient&quot;}\">\n\t\t\t\t\t\t\t<div class=\"elementor-background-overlay\"><\/div>\n\t\t\t\t\t\t\t<div class=\"elementor-container elementor-column-gap-default\">\n\t\t\t\t\t<div class=\"elementor-column elementor-col-100 elementor-top-column elementor-element elementor-element-b250601\" data-id=\"b250601\" data-element_type=\"column\">\n\t\t\t<div class=\"elementor-widget-wrap elementor-element-populated\">\n\t\t\t\t\t\t\t\t<section class=\"elementor-section elementor-inner-section elementor-element elementor-element-44c6e88 elementor-section-height-full elementor-section-boxed elementor-section-height-default\" data-id=\"44c6e88\" data-element_type=\"section\">\n\t\t\t\t\t\t<div class=\"elementor-container elementor-column-gap-default\">\n\t\t\t\t\t<div class=\"elementor-column elementor-col-50 elementor-inner-column elementor-element elementor-element-e7c7202 animated-slow elementor-invisible\" data-id=\"e7c7202\" data-element_type=\"column\" data-settings=\"{&quot;animation&quot;:&quot;fadeInLeft&quot;}\">\n\t\t\t<div class=\"elementor-widget-wrap elementor-element-populated\">\n\t\t\t\t\t\t\t\t<div class=\"elementor-element elementor-element-73f689a elementor-widget elementor-widget-image\" data-id=\"73f689a\" data-element_type=\"widget\" data-widget_type=\"image.default\">\n\t\t\t\t<div class=\"elementor-widget-container\">\n\t\t\t<style>\/*! elementor - v3.7.8 - 02-10-2022 *\/\n.elementor-widget-image{text-align:center}.elementor-widget-image a{display:inline-block}.elementor-widget-image a img[src$=\".svg\"]{width:48px}.elementor-widget-image img{vertical-align:middle;display:inline-block}<\/style>\t\t\t\t\t\t\t\t\t\t\t\t<img loading=\"lazy\" decoding=\"async\" width=\"960\" height=\"912\" src=\"https:\/\/www.knkmakina.com\/wp-content\/uploads\/2022\/09\/vizyon-misyon.png\" class=\"attachment-full size-full\" alt=\"\" srcset=\"https:\/\/www.knkmakina.com\/wp-content\/uploads\/2022\/09\/vizyon-misyon.png 960w, https:\/\/www.knkmakina.com\/wp-content\/uploads\/2022\/09\/vizyon-misyon-300x285.png 300w, https:\/\/www.knkmakina.com\/wp-content\/uploads\/2022\/09\/vizyon-misyon-768x730.png 768w, https:\/\/www.knkmakina.com\/wp-content\/uploads\/2022\/09\/vizyon-misyon-500x475.png 500w, https:\/\/www.knkmakina.com\/wp-content\/uploads\/2022\/09\/vizyon-misyon-800x760.png 800w\" sizes=\"auto, (max-width: 960px) 100vw, 960px\" \/>\t\t\t\t\t\t\t\t\t\t\t\t\t\t\t<\/div>\n\t\t\t\t<\/div>\n\t\t\t\t\t<\/div>\n\t\t<\/div>\n\t\t\t\t<div class=\"elementor-column elementor-col-50 elementor-inner-column elementor-element elementor-element-241ae0a\" data-id=\"241ae0a\" data-element_type=\"column\">\n\t\t\t<div class=\"elementor-widget-wrap elementor-element-populated\">\n\t\t\t\t\t\t\t\t<div class=\"elementor-element elementor-element-7031c28 elementor-widget elementor-widget-text-editor\" data-id=\"7031c28\" data-element_type=\"widget\" data-widget_type=\"text-editor.default\">\n\t\t\t\t<div class=\"elementor-widget-container\">\n\t\t\t<style>\/*! elementor - v3.7.8 - 02-10-2022 *\/\n.elementor-widget-text-editor.elementor-drop-cap-view-stacked .elementor-drop-cap{background-color:#818a91;color:#fff}.elementor-widget-text-editor.elementor-drop-cap-view-framed .elementor-drop-cap{color:#818a91;border:3px solid;background-color:transparent}.elementor-widget-text-editor:not(.elementor-drop-cap-view-default) .elementor-drop-cap{margin-top:8px}.elementor-widget-text-editor:not(.elementor-drop-cap-view-default) .elementor-drop-cap-letter{width:1em;height:1em}.elementor-widget-text-editor .elementor-drop-cap{float:left;text-align:center;line-height:1;font-size:50px}.elementor-widget-text-editor .elementor-drop-cap-letter{display:inline-block}<\/style>\t\t\t\t<blockquote><h4>Misyonumuz<\/h4><p>Gemi in\u015faa sanayine kaliteli, teknolojik, yenilik\u00e7i ve rekabet\u00e7i \u00fcr\u00fcnler sunarak, payda\u015flar\u0131 i\u00e7in s\u00fcrd\u00fcr\u00fclebilir de\u011fer yaratmak, sekt\u00f6rde itibarl\u0131 ve tan\u0131nm\u0131\u015f bir marka olmak.<\/p><\/blockquote><blockquote><h4>Vizyonumuz<\/h4><p>Fark yaratan \u00fcr\u00fcn ve yeniliklerde lider, bireysel ve kurumsal anlamda s\u00fcrekli geli\u015fen, sekt\u00f6rde tercih edilen k\u00fcresel tedarik\u00e7i olmak.<\/p><\/blockquote><blockquote><h4>De\u011ferlerimiz<\/h4><p>B\u00fct\u00fcn i\u015flerimizin temelinde, tan\u0131mlanm\u0131\u015f \u015firket de\u011ferlerimiz yatar. Yapt\u0131\u011f\u0131m\u0131z i\u015flerde, bu de\u011ferlere ba\u011fl\u0131 \u00e7al\u0131\u015farak ba\u015far\u0131ya daha h\u0131zl\u0131 ula\u015faca\u011f\u0131m\u0131z\u0131 biliriz.<\/p><p>De\u011ferlerimiz; Kalite, Sa\u011fl\u0131k, G\u00fcvenlik ve \u00c7evresel de\u011ferlere sayg\u0131 konular\u0131nda \u00f6d\u00fcn vermeden \u00e7al\u0131\u015fmakt\u0131r.<\/p><\/blockquote>\t\t\t\t\t\t<\/div>\n\t\t\t\t<\/div>\n\t\t\t\t\t<\/div>\n\t\t<\/div>\n\t\t\t\t\t\t\t<\/div>\n\t\t<\/section>\n\t\t\t\t\t<\/div>\n\t\t<\/div>\n\t\t\t\t\t\t\t<\/div>\n\t\t<\/section>\n\t\t\t\t\t\t\t<\/div>\n\t\t","protected":false},"excerpt":{"rendered":"<p>Misyonumuz Gemi in\u015faa sanayine kaliteli, teknolojik, yenilik\u00e7i ve rekabet\u00e7i \u00fcr\u00fcnler sunarak, payda\u015flar\u0131 i\u00e7in s\u00fcrd\u00fcr\u00fclebilir de\u011fer yaratmak, sekt\u00f6rde itibarl\u0131 ve tan\u0131nm\u0131\u015f bir marka olmak. Vizyonumuz Fark yaratan \u00fcr\u00fcn ve yeniliklerde lider, bireysel ve kurumsal anlamda s\u00fcrekli geli\u015fen, sekt\u00f6rde tercih edilen k\u00fcresel tedarik\u00e7i olmak. De\u011ferlerimiz B\u00fct\u00fcn i\u015flerimizin temelinde, tan\u0131mlanm\u0131\u015f \u015firket de\u011ferlerimiz yatar. Yapt\u0131\u011f\u0131m\u0131z i\u015flerde, bu de\u011ferlere ba\u011fl\u0131 \u00e7al\u0131\u015farak ba\u015far\u0131ya daha h\u0131zl\u0131 ula\u015faca\u011f\u0131m\u0131z\u0131 biliriz. De\u011ferlerimiz; Kalite, Sa\u011fl\u0131k, G\u00fcvenlik ve \u00c7evresel de\u011ferlere sayg\u0131 konular\u0131nda \u00f6d\u00fcn vermeden \u00e7al\u0131\u015fmakt\u0131r.<\/p>\n","protected":false},"author":1,"featured_media":0,"parent":0,"menu_order":0,"comment_status":"closed","ping_status":"open","template":"templates\/builder-fullwidth-std.php","meta":{"_vp_format_video_url":"","_vp_image_focal_point":[],"footnotes":""},"class_list":["post-291","page","type-page","status-publish"],"_links":{"self":[{"href":"https:\/\/www.knkmakina.com\/index.php?rest_route=\/wp\/v2\/pages\/291","targetHints":{"allow":["GET"]}}],"collection":[{"href":"https:\/\/www.knkmakina.com\/index.php?rest_route=\/wp\/v2\/pages"}],"about":[{"href":"https:\/\/www.knkmakina.com\/index.php?rest_route=\/wp\/v2\/types\/page"}],"author":[{"embeddable":true,"href":"https:\/\/www.knkmakina.com\/index.php?rest_route=\/wp\/v2\/users\/1"}],"replies":[{"embeddable":true,"href":"https:\/\/www.knkmakina.com\/index.php?rest_route=%2Fwp%2Fv2%2Fcomments&post=291"}],"version-history":[{"count":22,"href":"https:\/\/www.knkmakina.com\/index.php?rest_route=\/wp\/v2\/pages\/291\/revisions"}],"predecessor-version":[{"id":685,"href":"https:\/\/www.knkmakina.com\/index.php?rest_route=\/wp\/v2\/pages\/291\/revisions\/685"}],"wp:attachment":[{"href":"https:\/\/www.knkmakina.com\/index.php?rest_route=%2Fwp%2Fv2%2Fmedia&parent=291"}],"curies":[{"name":"wp","href":"https:\/\/api.w.org\/{rel}","templated":true}]}}