{"id":278,"date":"2022-09-09T14:52:40","date_gmt":"2022-09-09T11:52:40","guid":{"rendered":"https:\/\/knkmakina.com\/?page_id=278"},"modified":"2022-10-03T09:14:53","modified_gmt":"2022-10-03T06:14:53","slug":"hakkimizda","status":"publish","type":"page","link":"https:\/\/www.knkmakina.com\/?page_id=278","title":{"rendered":"Hakk\u0131m\u0131zda"},"content":{"rendered":"\t\t<div data-elementor-type=\"wp-page\" data-elementor-id=\"278\" class=\"elementor elementor-278\">\n\t\t\t\t\t\t\t\t\t<section class=\"elementor-section elementor-top-section elementor-element elementor-element-b7242b6 elementor-section-boxed elementor-section-height-default elementor-section-height-default\" data-id=\"b7242b6\" data-element_type=\"section\" data-settings=\"{&quot;background_background&quot;:&quot;gradient&quot;}\">\n\t\t\t\t\t\t\t<div class=\"elementor-background-overlay\"><\/div>\n\t\t\t\t\t\t\t<div class=\"elementor-container elementor-column-gap-default\">\n\t\t\t\t\t<div class=\"elementor-column elementor-col-100 elementor-top-column elementor-element elementor-element-b250601\" data-id=\"b250601\" data-element_type=\"column\">\n\t\t\t<div class=\"elementor-widget-wrap elementor-element-populated\">\n\t\t\t\t\t\t\t\t<section class=\"elementor-section elementor-inner-section elementor-element elementor-element-44c6e88 elementor-section-boxed elementor-section-height-default elementor-section-height-default\" data-id=\"44c6e88\" data-element_type=\"section\">\n\t\t\t\t\t\t<div class=\"elementor-container elementor-column-gap-default\">\n\t\t\t\t\t<div class=\"elementor-column elementor-col-50 elementor-inner-column elementor-element elementor-element-e7c7202 animated-slow elementor-invisible\" data-id=\"e7c7202\" data-element_type=\"column\" data-settings=\"{&quot;animation&quot;:&quot;fadeInLeft&quot;}\">\n\t\t\t<div class=\"elementor-widget-wrap elementor-element-populated\">\n\t\t\t\t\t\t\t\t<div class=\"elementor-element elementor-element-73f689a elementor-widget elementor-widget-image\" data-id=\"73f689a\" data-element_type=\"widget\" data-widget_type=\"image.default\">\n\t\t\t\t<div class=\"elementor-widget-container\">\n\t\t\t<style>\/*! elementor - v3.7.8 - 02-10-2022 *\/\n.elementor-widget-image{text-align:center}.elementor-widget-image a{display:inline-block}.elementor-widget-image a img[src$=\".svg\"]{width:48px}.elementor-widget-image img{vertical-align:middle;display:inline-block}<\/style>\t\t\t\t\t\t\t\t\t\t\t\t<img loading=\"lazy\" decoding=\"async\" width=\"960\" height=\"912\" src=\"https:\/\/www.knkmakina.com\/wp-content\/uploads\/2022\/10\/hakkimizda-yeni.png\" class=\"attachment-full size-full\" alt=\"\" srcset=\"https:\/\/www.knkmakina.com\/wp-content\/uploads\/2022\/10\/hakkimizda-yeni.png 960w, https:\/\/www.knkmakina.com\/wp-content\/uploads\/2022\/10\/hakkimizda-yeni-300x285.png 300w, https:\/\/www.knkmakina.com\/wp-content\/uploads\/2022\/10\/hakkimizda-yeni-768x730.png 768w, https:\/\/www.knkmakina.com\/wp-content\/uploads\/2022\/10\/hakkimizda-yeni-500x475.png 500w, https:\/\/www.knkmakina.com\/wp-content\/uploads\/2022\/10\/hakkimizda-yeni-800x760.png 800w\" sizes=\"auto, (max-width: 960px) 100vw, 960px\" \/>\t\t\t\t\t\t\t\t\t\t\t\t\t\t\t<\/div>\n\t\t\t\t<\/div>\n\t\t\t\t\t<\/div>\n\t\t<\/div>\n\t\t\t\t<div class=\"elementor-column elementor-col-50 elementor-inner-column elementor-element elementor-element-8962103 animated-slow elementor-invisible\" data-id=\"8962103\" data-element_type=\"column\" data-settings=\"{&quot;animation&quot;:&quot;fadeInRight&quot;}\">\n\t\t\t<div class=\"elementor-widget-wrap elementor-element-populated\">\n\t\t\t\t\t\t\t\t<div class=\"elementor-element elementor-element-6e91b92 elementor-widget elementor-widget-heading\" data-id=\"6e91b92\" data-element_type=\"widget\" data-widget_type=\"heading.default\">\n\t\t\t\t<div class=\"elementor-widget-container\">\n\t\t\t<style>\/*! elementor - v3.7.8 - 02-10-2022 *\/\n.elementor-heading-title{padding:0;margin:0;line-height:1}.elementor-widget-heading .elementor-heading-title[class*=elementor-size-]>a{color:inherit;font-size:inherit;line-height:inherit}.elementor-widget-heading .elementor-heading-title.elementor-size-small{font-size:15px}.elementor-widget-heading .elementor-heading-title.elementor-size-medium{font-size:19px}.elementor-widget-heading .elementor-heading-title.elementor-size-large{font-size:29px}.elementor-widget-heading .elementor-heading-title.elementor-size-xl{font-size:39px}.elementor-widget-heading .elementor-heading-title.elementor-size-xxl{font-size:59px}<\/style><h4 class=\"elementor-heading-title elementor-size-default\">Hakk\u0131m\u0131zda<\/h4>\t\t<\/div>\n\t\t\t\t<\/div>\n\t\t\t\t<div class=\"elementor-element elementor-element-22cfff8 elementor-widget elementor-widget-text-editor\" data-id=\"22cfff8\" data-element_type=\"widget\" data-widget_type=\"text-editor.default\">\n\t\t\t\t<div class=\"elementor-widget-container\">\n\t\t\t<style>\/*! elementor - v3.7.8 - 02-10-2022 *\/\n.elementor-widget-text-editor.elementor-drop-cap-view-stacked .elementor-drop-cap{background-color:#818a91;color:#fff}.elementor-widget-text-editor.elementor-drop-cap-view-framed .elementor-drop-cap{color:#818a91;border:3px solid;background-color:transparent}.elementor-widget-text-editor:not(.elementor-drop-cap-view-default) .elementor-drop-cap{margin-top:8px}.elementor-widget-text-editor:not(.elementor-drop-cap-view-default) .elementor-drop-cap-letter{width:1em;height:1em}.elementor-widget-text-editor .elementor-drop-cap{float:left;text-align:center;line-height:1;font-size:50px}.elementor-widget-text-editor .elementor-drop-cap-letter{display:inline-block}<\/style>\t\t\t\t<p><span style=\"font-weight: bold;\">KNK Gemi Ekipmanlar\u0131 ve Makina<\/span>, Denizcilikte Gemi Ekipmanlar\u0131 ve A\u011f\u0131r Makina sanayinde ihtiya\u00e7 duyulan makinalar\u0131n imalat, montaj ve yedek par\u00e7a \u00fcretimlerini yapmak \u00fczere 2019 y\u0131l\u0131nda, 25 y\u0131l\u0131 a\u015fk\u0131n sekt\u00f6r tecr\u00fcbesine sahip kurucu ortaklar\u0131 taraf\u0131ndan Alt\u0131nova-YALOVA\u2019da faaliyetlerine ba\u015flad\u0131.<\/p><p>Kurulu\u015fundan itibaren denizcilik sekt\u00f6r\u00fcndeki ilgi g\u00f6ren imalatlar\u0131yla, profesyonel ekibi, tutkusu ve y\u00fcksek kaliteli \u00fcr\u00fcnleri sayesinde, yenilik\u00e7i ve g\u00fcvenilir gemi g\u00fcverte ekipmanlar\u0131n\u0131n lider \u00fcreticisi olarak b\u00fcy\u00fcmeyi ama\u00e7 edinmi\u015ftir.<\/p><p>Gemi in\u015fa malzemeleri aras\u0131nda g\u00fcvertelere monte edilen; \u00e7e\u015fitli Ambar kapaklar\u0131, Irgatlar, Gemi Vin\u00e7leri, D\u00fcmen sistemleri ve G\u00fcverte Ba\u011flama Ekipmanlar\u0131 \u00fcretmektedir. Uzun y\u0131llara dayanan tecr\u00fcbe ve kaliteyi iyile\u015ftirmenin sonucu, \u00fcretim sahas\u0131n\u0131 3000 m\u00b2\u2019lik yeni yerine ta\u015f\u0131mak i\u00e7in \u00e7al\u0131\u015fmalar\u0131 devam etmektedir.<\/p><p>Geminin g\u00fcvenle i\u015fletilmesinde kullan\u0131lan \u00fcr\u00fcnlerin \u00f6nemi nedeniyle, tasar\u0131mdan teslimata kadar her a\u015faman\u0131n denetlenmesi ve belgelendirilmesi i\u015flemleri LOYD (\u00f6rne\u011fin BV, ABS, LR, DNV-GL, NK, vb.) taraf\u0131ndan tasar\u0131mdan teslimata kadar denetlenerek belgelendirilmektedir.<\/p><p>Verimli, s\u00fcrd\u00fcr\u00fclebilir bir yol izlemek i\u00e7in 2020 y\u0131l\u0131nda ISO 9001 Kalite Y\u00f6netim Sistemini, OHSAS 18001 \u0130\u015f\u00e7i Sa\u011fl\u0131\u011f\u0131 Y\u00f6netimini de kurarak var olan kalitesini belgelendirmi\u015ftir. Uzman personelleriyle \u00e7al\u0131\u015fmalar\u0131n\u0131 b\u00fcy\u00fck bir azim ve kararl\u0131l\u0131kla s\u00fcrd\u00fcren firmam\u0131z, \u00e7ok k\u0131sa bir s\u00fcrede geldi\u011fi konumun hakl\u0131 onurunu ya\u015famaktad\u0131r.<\/p><p><span style=\"font-weight: bold;\">KNK Gemi Ekipmanlar\u0131 ve Makina,\u00a0<\/span>\u00fcr\u00fcnlerinde ve marka kimli\u011finde m\u00fckemmellik ilkesiyle; m\u00fchendislik, laboratuvar ve \u00fcretim yeteneklerini, hammadde giri\u015finden mamul \u00e7\u0131k\u0131\u015f\u0131na kadar her ad\u0131mda uygulad\u0131\u011f\u0131 kontrol sistemleriyle birle\u015ftirip; kalite, maliyet ve zaman\u0131nda teslimat ana prensipleriyle d\u00fcr\u00fcstl\u00fck ve disiplin de\u011ferlerinden taviz vermeden \u00e7al\u0131\u015fmalar\u0131n\u0131 s\u00fcrd\u00fcrmektedir.<\/p>\t\t\t\t\t\t<\/div>\n\t\t\t\t<\/div>\n\t\t\t\t\t<\/div>\n\t\t<\/div>\n\t\t\t\t\t\t\t<\/div>\n\t\t<\/section>\n\t\t\t\t\t<\/div>\n\t\t<\/div>\n\t\t\t\t\t\t\t<\/div>\n\t\t<\/section>\n\t\t\t\t\t\t\t<\/div>\n\t\t","protected":false},"excerpt":{"rendered":"<p>Hakk\u0131m\u0131zda KNK Gemi Ekipmanlar\u0131 ve Makina, Denizcilikte Gemi Ekipmanlar\u0131 ve A\u011f\u0131r Makina sanayinde ihtiya\u00e7 duyulan makinalar\u0131n imalat, montaj ve yedek par\u00e7a \u00fcretimlerini yapmak \u00fczere 2019 y\u0131l\u0131nda, 25 y\u0131l\u0131 a\u015fk\u0131n sekt\u00f6r tecr\u00fcbesine sahip kurucu ortaklar\u0131 taraf\u0131ndan Alt\u0131nova-YALOVA\u2019da faaliyetlerine ba\u015flad\u0131. Kurulu\u015fundan itibaren denizcilik sekt\u00f6r\u00fcndeki ilgi g\u00f6ren imalatlar\u0131yla, profesyonel ekibi, tutkusu ve y\u00fcksek kaliteli \u00fcr\u00fcnleri sayesinde, yenilik\u00e7i ve g\u00fcvenilir gemi g\u00fcverte ekipmanlar\u0131n\u0131n lider \u00fcreticisi olarak b\u00fcy\u00fcmeyi ama\u00e7 edinmi\u015ftir. Gemi in\u015fa malzemeleri aras\u0131nda g\u00fcvertelere monte edilen; \u00e7e\u015fitli Ambar kapaklar\u0131, Irgatlar, Gemi Vin\u00e7leri, D\u00fcmen sistemleri ve G\u00fcverte Ba\u011flama Ekipmanlar\u0131 \u00fcretmektedir. Uzun y\u0131llara dayanan tecr\u00fcbe ve kaliteyi iyile\u015ftirmenin sonucu, \u00fcretim sahas\u0131n\u0131 3000 m\u00b2\u2019lik yeni yerine ta\u015f\u0131mak i\u00e7in \u00e7al\u0131\u015fmalar\u0131 devam etmektedir. Geminin g\u00fcvenle i\u015fletilmesinde kullan\u0131lan \u00fcr\u00fcnlerin \u00f6nemi nedeniyle, tasar\u0131mdan teslimata kadar her a\u015faman\u0131n denetlenmesi ve belgelendirilmesi i\u015flemleri LOYD (\u00f6rne\u011fin BV, ABS, LR, DNV-GL, NK, vb.) taraf\u0131ndan tasar\u0131mdan teslimata kadar denetlenerek belgelendirilmektedir. Verimli, s\u00fcrd\u00fcr\u00fclebilir bir yol izlemek i\u00e7in 2020 y\u0131l\u0131nda ISO 9001 Kalite Y\u00f6netim Sistemini, OHSAS 18001 \u0130\u015f\u00e7i&hellip;<\/p>\n<p> <a class=\"more-link\" href=\"https:\/\/www.knkmakina.com\/?page_id=278\">Read more<\/a><\/p>\n","protected":false},"author":1,"featured_media":0,"parent":0,"menu_order":0,"comment_status":"closed","ping_status":"open","template":"templates\/builder-fullwidth-std.php","meta":{"_vp_format_video_url":"","_vp_image_focal_point":[],"footnotes":""},"class_list":["post-278","page","type-page","status-publish"],"_links":{"self":[{"href":"https:\/\/www.knkmakina.com\/index.php?rest_route=\/wp\/v2\/pages\/278","targetHints":{"allow":["GET"]}}],"collection":[{"href":"https:\/\/www.knkmakina.com\/index.php?rest_route=\/wp\/v2\/pages"}],"about":[{"href":"https:\/\/www.knkmakina.com\/index.php?rest_route=\/wp\/v2\/types\/page"}],"author":[{"embeddable":true,"href":"https:\/\/www.knkmakina.com\/index.php?rest_route=\/wp\/v2\/users\/1"}],"replies":[{"embeddable":true,"href":"https:\/\/www.knkmakina.com\/index.php?rest_route=%2Fwp%2Fv2%2Fcomments&post=278"}],"version-history":[{"count":23,"href":"https:\/\/www.knkmakina.com\/index.php?rest_route=\/wp\/v2\/pages\/278\/revisions"}],"predecessor-version":[{"id":888,"href":"https:\/\/www.knkmakina.com\/index.php?rest_route=\/wp\/v2\/pages\/278\/revisions\/888"}],"wp:attachment":[{"href":"https:\/\/www.knkmakina.com\/index.php?rest_route=%2Fwp%2Fv2%2Fmedia&parent=278"}],"curies":[{"name":"wp","href":"https:\/\/api.w.org\/{rel}","templated":true}]}}